{"id":199,"date":"2026-04-17T22:49:58","date_gmt":"2026-04-18T02:49:58","guid":{"rendered":"https:\/\/elviajehaciati.com\/?page_id=199"},"modified":"2026-04-17T22:51:25","modified_gmt":"2026-04-18T02:51:25","slug":"aviso-medico-e-informacion-importante","status":"publish","type":"page","link":"https:\/\/elviajehaciati.com\/?page_id=199","title":{"rendered":"Aviso M\u00e9dico e Informaci\u00f3n Importante"},"content":{"rendered":"\n<p>Los contenidos de este sitio web, de mis art\u00edculos de blog y de mi libro &#8220;El yo confundido&#8221; se basan en la milenaria tradici\u00f3n de la filosof\u00eda del Yoga y en mi experiencia personal. Tienen como \u00fanico prop\u00f3sito la reflexi\u00f3n filos\u00f3fica, el autodescubrimiento y el fomento de la conciencia plena.<\/p>\n\n\n\n<p><strong>Sin car\u00e1cter m\u00e9dico:<\/strong>&nbsp;Mi trabajo no constituye, de ninguna manera, un diagn\u00f3stico m\u00e9dico, tratamiento de salud, medicina o psicoterapia en el sentido cl\u00ednico. La participaci\u00f3n en mis programas o la lectura de mis textos no sustituye la consulta con un m\u00e9dico o psicoterapeuta cualificado.<\/p>\n\n\n\n<p><strong>Responsabilidad personal:<\/strong>&nbsp;Cada usuario act\u00faa bajo su propia responsabilidad. En caso de crisis f\u00edsicas o psicol\u00f3gicas agudas, por favor contacte de inmediato con un profesional de la salud o un servicio de emergencias. No interrumpa tratamientos m\u00e9dicos en curso sin consultar previamente con su m\u00e9dico.<\/p>\n\n\n\n<p><strong>Exenci\u00f3n de responsabilidad:<\/strong>&nbsp;No asumo ninguna responsabilidad por da\u00f1os que pudieran derivarse de la aplicaci\u00f3n de los impulsos aqu\u00ed descritos. En ning\u00fan momento se realizan promesas de curaci\u00f3n.<\/p>\n\n\n\n<p><\/p>\n","protected":false},"excerpt":{"rendered":"<p>Los contenidos de este sitio web, de mis art\u00edculos de blog y de mi libro &#8220;El yo confundido&#8221; se basan [&hellip;]<\/p>\n","protected":false},"author":1,"featured_media":0,"parent":0,"menu_order":0,"comment_status":"closed","ping_status":"closed","template":"","meta":{"site-sidebar-layout":"default","site-content-layout":"","ast-site-content-layout":"default","site-content-style":"default","site-sidebar-style":"default","ast-global-header-display":"","ast-banner-title-visibility":"","ast-main-header-display":"","ast-hfb-above-header-display":"","ast-hfb-below-header-display":"","ast-hfb-mobile-header-display":"","site-post-title":"","ast-breadcrumbs-content":"","ast-featured-img":"","footer-sml-layout":"","ast-disable-related-posts":"","theme-transparent-header-meta":"","adv-header-id-meta":"","stick-header-meta":"","header-above-stick-meta":"","header-main-stick-meta":"","header-below-stick-meta":"","astra-migrate-meta-layouts":"default","ast-page-background-enabled":"default","ast-page-background-meta":{"desktop":{"background-color":"var(--ast-global-color-5)","background-image":"","background-repeat":"repeat","background-position":"center center","background-size":"auto","background-attachment":"scroll","background-type":"","background-media":"","overlay-type":"","overlay-color":"","overlay-opacity":"","overlay-gradient":""},"tablet":{"background-color":"","background-image":"","background-repeat":"repeat","background-position":"center center","background-size":"auto","background-attachment":"scroll","background-type":"","background-media":"","overlay-type":"","overlay-color":"","overlay-opacity":"","overlay-gradient":""},"mobile":{"background-color":"","background-image":"","background-repeat":"repeat","background-position":"center center","background-size":"auto","background-attachment":"scroll","background-type":"","background-media":"","overlay-type":"","overlay-color":"","overlay-opacity":"","overlay-gradient":""}},"ast-content-background-meta":{"desktop":{"background-color":"var(--ast-global-color-4)","background-image":"","background-repeat":"repeat","background-position":"center center","background-size":"auto","background-attachment":"scroll","background-type":"","background-media":"","overlay-type":"","overlay-color":"","overlay-opacity":"","overlay-gradient":""},"tablet":{"background-color":"var(--ast-global-color-4)","background-image":"","background-repeat":"repeat","background-position":"center center","background-size":"auto","background-attachment":"scroll","background-type":"","background-media":"","overlay-type":"","overlay-color":"","overlay-opacity":"","overlay-gradient":""},"mobile":{"background-color":"var(--ast-global-color-4)","background-image":"","background-repeat":"repeat","background-position":"center center","background-size":"auto","background-attachment":"scroll","background-type":"","background-media":"","overlay-type":"","overlay-color":"","overlay-opacity":"","overlay-gradient":""}},"footnotes":""},"class_list":["post-199","page","type-page","status-publish","hentry"],"yoast_head":"<!-- This site is optimized with the Yoast SEO plugin v25.7 - https:\/\/yoast.com\/wordpress\/plugins\/seo\/ -->\n<title>Aviso M\u00e9dico e Informaci\u00f3n Importante - Kerstin Lora de la Cruz | El yo confundido<\/title>\n<meta name=\"description\" content=\"Aviso M\u00e9dico e Informaci\u00f3n Importante\" \/>\n<meta name=\"robots\" content=\"index, follow, max-snippet:-1, max-image-preview:large, max-video-preview:-1\" \/>\n<link rel=\"canonical\" href=\"https:\/\/elviajehaciati.com\/?page_id=199\" \/>\n<meta property=\"og:locale\" content=\"en_US\" \/>\n<meta property=\"og:type\" content=\"article\" \/>\n<meta property=\"og:title\" content=\"Aviso M\u00e9dico e Informaci\u00f3n Importante - Kerstin Lora de la Cruz | El yo confundido\" \/>\n<meta property=\"og:description\" content=\"Aviso M\u00e9dico e Informaci\u00f3n Importante\" \/>\n<meta property=\"og:url\" content=\"https:\/\/elviajehaciati.com\/?page_id=199\" \/>\n<meta property=\"og:site_name\" content=\"Kerstin Lora de la Cruz | El yo confundido\" \/>\n<meta property=\"article:modified_time\" content=\"2026-04-18T02:51:25+00:00\" \/>\n<meta name=\"twitter:card\" content=\"summary_large_image\" \/>\n<meta name=\"twitter:label1\" content=\"Est. reading time\" \/>\n\t<meta name=\"twitter:data1\" content=\"1 minute\" \/>\n<script type=\"application\/ld+json\" class=\"yoast-schema-graph\">{\"@context\":\"https:\/\/schema.org\",\"@graph\":[{\"@type\":\"WebPage\",\"@id\":\"https:\/\/elviajehaciati.com\/?page_id=199\",\"url\":\"https:\/\/elviajehaciati.com\/?page_id=199\",\"name\":\"Aviso M\u00e9dico e Informaci\u00f3n Importante - Kerstin Lora de la Cruz | El yo confundido\",\"isPartOf\":{\"@id\":\"https:\/\/elviajehaciati.com\/#website\"},\"datePublished\":\"2026-04-18T02:49:58+00:00\",\"dateModified\":\"2026-04-18T02:51:25+00:00\",\"description\":\"Aviso M\u00e9dico e Informaci\u00f3n Importante\",\"breadcrumb\":{\"@id\":\"https:\/\/elviajehaciati.com\/?page_id=199#breadcrumb\"},\"inLanguage\":\"en-US\",\"potentialAction\":[{\"@type\":\"ReadAction\",\"target\":[\"https:\/\/elviajehaciati.com\/?page_id=199\"]}]},{\"@type\":\"BreadcrumbList\",\"@id\":\"https:\/\/elviajehaciati.com\/?page_id=199#breadcrumb\",\"itemListElement\":[{\"@type\":\"ListItem\",\"position\":1,\"name\":\"Home\",\"item\":\"https:\/\/elviajehaciati.com\/\"},{\"@type\":\"ListItem\",\"position\":2,\"name\":\"Aviso M\u00e9dico e Informaci\u00f3n Importante\"}]},{\"@type\":\"WebSite\",\"@id\":\"https:\/\/elviajehaciati.com\/#website\",\"url\":\"https:\/\/elviajehaciati.com\/\",\"name\":\"Kerstin Lora de la Cruz | El yo confundido\",\"description\":\"\",\"potentialAction\":[{\"@type\":\"SearchAction\",\"target\":{\"@type\":\"EntryPoint\",\"urlTemplate\":\"https:\/\/elviajehaciati.com\/?s={search_term_string}\"},\"query-input\":{\"@type\":\"PropertyValueSpecification\",\"valueRequired\":true,\"valueName\":\"search_term_string\"}}],\"inLanguage\":\"en-US\"}]}<\/script>\n<!-- \/ Yoast SEO plugin. -->","yoast_head_json":{"title":"Aviso M\u00e9dico e Informaci\u00f3n Importante - Kerstin Lora de la Cruz | El yo confundido","description":"Aviso M\u00e9dico e Informaci\u00f3n Importante","robots":{"index":"index","follow":"follow","max-snippet":"max-snippet:-1","max-image-preview":"max-image-preview:large","max-video-preview":"max-video-preview:-1"},"canonical":"https:\/\/elviajehaciati.com\/?page_id=199","og_locale":"en_US","og_type":"article","og_title":"Aviso M\u00e9dico e Informaci\u00f3n Importante - Kerstin Lora de la Cruz | El yo confundido","og_description":"Aviso M\u00e9dico e Informaci\u00f3n Importante","og_url":"https:\/\/elviajehaciati.com\/?page_id=199","og_site_name":"Kerstin Lora de la Cruz | El yo confundido","article_modified_time":"2026-04-18T02:51:25+00:00","twitter_card":"summary_large_image","twitter_misc":{"Est. reading time":"1 minute"},"schema":{"@context":"https:\/\/schema.org","@graph":[{"@type":"WebPage","@id":"https:\/\/elviajehaciati.com\/?page_id=199","url":"https:\/\/elviajehaciati.com\/?page_id=199","name":"Aviso M\u00e9dico e Informaci\u00f3n Importante - Kerstin Lora de la Cruz | El yo confundido","isPartOf":{"@id":"https:\/\/elviajehaciati.com\/#website"},"datePublished":"2026-04-18T02:49:58+00:00","dateModified":"2026-04-18T02:51:25+00:00","description":"Aviso M\u00e9dico e Informaci\u00f3n Importante","breadcrumb":{"@id":"https:\/\/elviajehaciati.com\/?page_id=199#breadcrumb"},"inLanguage":"en-US","potentialAction":[{"@type":"ReadAction","target":["https:\/\/elviajehaciati.com\/?page_id=199"]}]},{"@type":"BreadcrumbList","@id":"https:\/\/elviajehaciati.com\/?page_id=199#breadcrumb","itemListElement":[{"@type":"ListItem","position":1,"name":"Home","item":"https:\/\/elviajehaciati.com\/"},{"@type":"ListItem","position":2,"name":"Aviso M\u00e9dico e Informaci\u00f3n Importante"}]},{"@type":"WebSite","@id":"https:\/\/elviajehaciati.com\/#website","url":"https:\/\/elviajehaciati.com\/","name":"Kerstin Lora de la Cruz | El yo confundido","description":"","potentialAction":[{"@type":"SearchAction","target":{"@type":"EntryPoint","urlTemplate":"https:\/\/elviajehaciati.com\/?s={search_term_string}"},"query-input":{"@type":"PropertyValueSpecification","valueRequired":true,"valueName":"search_term_string"}}],"inLanguage":"en-US"}]}},"_links":{"self":[{"href":"https:\/\/elviajehaciati.com\/index.php?rest_route=\/wp\/v2\/pages\/199","targetHints":{"allow":["GET"]}}],"collection":[{"href":"https:\/\/elviajehaciati.com\/index.php?rest_route=\/wp\/v2\/pages"}],"about":[{"href":"https:\/\/elviajehaciati.com\/index.php?rest_route=\/wp\/v2\/types\/page"}],"author":[{"embeddable":true,"href":"https:\/\/elviajehaciati.com\/index.php?rest_route=\/wp\/v2\/users\/1"}],"replies":[{"embeddable":true,"href":"https:\/\/elviajehaciati.com\/index.php?rest_route=%2Fwp%2Fv2%2Fcomments&post=199"}],"version-history":[{"count":2,"href":"https:\/\/elviajehaciati.com\/index.php?rest_route=\/wp\/v2\/pages\/199\/revisions"}],"predecessor-version":[{"id":201,"href":"https:\/\/elviajehaciati.com\/index.php?rest_route=\/wp\/v2\/pages\/199\/revisions\/201"}],"wp:attachment":[{"href":"https:\/\/elviajehaciati.com\/index.php?rest_route=%2Fwp%2Fv2%2Fmedia&parent=199"}],"curies":[{"name":"wp","href":"https:\/\/api.w.org\/{rel}","templated":true}]}}