{"id":9,"date":"2025-08-21T23:04:32","date_gmt":"2025-08-22T03:04:32","guid":{"rendered":"https:\/\/elviajehaciati.com\/?page_id=9"},"modified":"2026-03-06T16:15:24","modified_gmt":"2026-03-06T20:15:24","slug":"volver-a-mi-alma-blog","status":"publish","type":"page","link":"https:\/\/elviajehaciati.com\/","title":{"rendered":"El viaje hacia ti"},"content":{"rendered":"\n<div class=\"wp-block-group has-global-padding is-layout-constrained wp-block-group-is-layout-constrained\">\n<p class=\"has-text-align-left\">Reflexiones del proyecto                                                                                                          <\/p>\n\n\n\n<p class=\"has-text-align-left\"><br><strong>Volver a tu Alma<\/strong><\/p>\n\n\n\n<p class=\"has-text-align-left\">por Kerstin Lora de la Cruz<\/p>\n<\/div>\n\n\n\n<div class=\"wp-block-group alignfull has-background has-global-padding is-layout-constrained wp-container-core-group-is-layout-d89aad35 wp-block-group-is-layout-constrained\" style=\"background-color:#a3c0c4;margin-top:0;margin-bottom:0;padding-top:var(--wp--preset--spacing--50);padding-right:var(--wp--preset--spacing--50);padding-bottom:var(--wp--preset--spacing--50);padding-left:var(--wp--preset--spacing--50)\">\n<div class=\"wp-block-group alignwide has-global-padding is-layout-constrained wp-block-group-is-layout-constrained\">\n<div class=\"wp-block-columns alignwide are-vertically-aligned-center is-layout-flex wp-container-core-columns-is-layout-549b0c86 wp-block-columns-is-layout-flex\">\n<div class=\"wp-block-column is-vertically-aligned-center is-layout-flow wp-container-core-column-is-layout-119bc444 wp-block-column-is-layout-flow\" style=\"flex-basis:100%\">\n<div class=\"wp-block-group is-vertical is-layout-flex wp-container-core-group-is-layout-fe9cc265 wp-block-group-is-layout-flex\">\n<p class=\"has-system-serif-font-family has-x-large-font-size\" style=\"line-height:1.2\">Bienvenido a este espacio de reflexi\u00f3n, donde comparto pensamientos<br>sobre la mente, la conciencia y el camino interior desde la filosof\u00eda del yoga.<\/p>\n\n\n\n<p class=\"has-system-serif-font-family has-x-large-font-size\" style=\"line-height:1.2\">Que cada palabra sea una invitaci\u00f3n a mirar hacia dentro<br>y acercarnos a lo esencial.<\/p>\n<\/div>\n<\/div>\n<\/div>\n<\/div>\n<\/div>\n\n\n\n<div class=\"wp-block-group alignfull has-background has-global-padding is-layout-constrained wp-container-core-group-is-layout-669513ed wp-block-group-is-layout-constrained\" style=\"background-color:#b2d1d1a3;margin-top:0;margin-bottom:0;padding-top:var(--wp--preset--spacing--50);padding-right:var(--wp--preset--spacing--50);padding-bottom:var(--wp--preset--spacing--50);padding-left:var(--wp--preset--spacing--50)\">\n<div class=\"wp-block-columns alignwide is-layout-flex wp-container-core-columns-is-layout-1da03c2a wp-block-columns-is-layout-flex\">\n<div class=\"wp-block-column is-vertically-aligned-stretch is-layout-flow wp-block-column-is-layout-flow\" style=\"flex-basis:50%\">\n<div class=\"wp-block-group is-vertical is-content-justification-stretch is-layout-flex wp-container-core-group-is-layout-444d5ee8 wp-block-group-is-layout-flex\" style=\"min-height:100%\">\n<blockquote class=\"wp-block-quote has-background is-layout-flow wp-block-quote-is-layout-flow\" style=\"background-color:#a3c0c4\">\n<p class=\"has-text-align-center has-system-serif-font-family has-x-large-font-size\" style=\"line-height:1.2\">&#8220;No soy lo que se desvanece. <\/p>\n\n\n\n<p class=\"has-text-align-center has-system-serif-font-family has-x-large-font-size\" style=\"line-height:1.2\">Soy lo que permanece.&#8221;<\/p>\n<\/blockquote>\n\n\n\n<p class=\"has-system-serif-font-family has-x-large-font-size\" style=\"line-height:1.2\">Sobre m\u00ed<\/p>\n\n\n\n<p>Bienvenido a este espacio.<br>Me llamo <strong>Kerstin Lora de la Cruz<\/strong> y desde siempre he sabido, en lo m\u00e1s profundo de mi ser, que la vida no pod\u00eda reducirse a la rutina\u2026<\/p>\n\n\n\n<p>Desde siempre he sabido, en lo m\u00e1s profundo de mi ser, que la vida no pod\u00eda reducirse a la rutina ni a lo que los ojos pueden ver. Intu\u00eda que deb\u00eda existir algo m\u00e1s: un sentido oculto, una verdad m\u00e1s amplia que nos sostiene y nos llama.<\/p>\n\n\n\n<p>No fue un hallazgo repentino, sino una certeza silenciosa que me acompa\u00f1\u00f3 desde ni\u00f1a y que, con los a\u00f1os, se fue confundiendo entre miedos, exigencias y b\u00fasquedas desesperadas. Pero incluso en medio del agotamiento, de las ca\u00eddas y de la oscuridad, esa intuici\u00f3n nunca me abandon\u00f3: la vida es mucho m\u00e1s que sobrevivir, mucho m\u00e1s que perseguir metas externas. Es una invitaci\u00f3n constante a volver a ti, a recordar que lo esencial nunca se pierde.<\/p>\n\n\n\n<p>Este blog nace de esa convicci\u00f3n y de mi propio recorrido de regreso. No escribo para ense\u00f1ar, sino para compartir el viaje de quien no dej\u00f3 de preguntar, de quien toc\u00f3 el l\u00edmite y descubri\u00f3 que al otro lado del miedo hab\u00eda paz.<\/p>\n\n\n\n<p>Aqu\u00ed encontrar\u00e1s palabras que no buscan imponer respuestas, sino abrir preguntas y acompa\u00f1ar silencios. Porque al final, cada reflexi\u00f3n es un puente hacia lo que siempre estuvo dentro y m\u00e1s all\u00e1 de nosotros: ese \u201calgo m\u00e1s\u201d que en realidad es nuestro hogar.<\/p>\n\n\n\n<p>Con cari\u00f1o,<br><strong>Kerstin Lora de la Cruz<\/strong><\/p>\n\n\n\n<div class=\"wp-block-buttons is-content-justification-center is-layout-flex wp-container-core-buttons-is-layout-810c14a6 wp-block-buttons-is-layout-flex\" style=\"margin-top:0;margin-bottom:0;padding-top:var(--wp--preset--spacing--30);padding-right:0;padding-bottom:var(--wp--preset--spacing--30);padding-left:0\">\n<div class=\"wp-block-button is-style-outline is-style-outline--1\"><a class=\"wp-block-button__link wp-element-button\" href=\"https:\/\/elviajehaciati.com\/?page_id=34\">Leer m\u00e1s sobre mi<\/a><\/div>\n<\/div>\n<\/div>\n<\/div>\n\n\n\n<div class=\"wp-block-column is-vertically-aligned-center is-layout-flow wp-block-column-is-layout-flow\" style=\"flex-basis:50%\">\n<figure class=\"wp-block-image size-full is-style-rounded is-style-rounded--2\"><img loading=\"lazy\" decoding=\"async\" width=\"1280\" height=\"960\" src=\"https:\/\/elviajehaciati.com\/wp-content\/uploads\/2025\/08\/WhatsApp-Bild-2025-08-19-um-23.35.57_c3c30ee7.jpg\" alt=\"\" class=\"wp-image-11\" style=\"aspect-ratio:3\/4;object-fit:cover\" srcset=\"https:\/\/elviajehaciati.com\/wp-content\/uploads\/2025\/08\/WhatsApp-Bild-2025-08-19-um-23.35.57_c3c30ee7.jpg 1280w, https:\/\/elviajehaciati.com\/wp-content\/uploads\/2025\/08\/WhatsApp-Bild-2025-08-19-um-23.35.57_c3c30ee7-300x225.jpg 300w, https:\/\/elviajehaciati.com\/wp-content\/uploads\/2025\/08\/WhatsApp-Bild-2025-08-19-um-23.35.57_c3c30ee7-1024x768.jpg 1024w, https:\/\/elviajehaciati.com\/wp-content\/uploads\/2025\/08\/WhatsApp-Bild-2025-08-19-um-23.35.57_c3c30ee7-768x576.jpg 768w, https:\/\/elviajehaciati.com\/wp-content\/uploads\/2025\/08\/WhatsApp-Bild-2025-08-19-um-23.35.57_c3c30ee7-16x12.jpg 16w\" sizes=\"auto, (max-width: 1280px) 100vw, 1280px\" \/><\/figure>\n<\/div>\n<\/div>\n<\/div>\n\n\n\n<div class=\"wp-block-group alignfull has-background has-global-padding is-layout-constrained wp-container-core-group-is-layout-3aaaaffa wp-block-group-is-layout-constrained\" style=\"border-style:none;border-width:0px;background-color:#a3c0c4;min-height:0px;margin-top:0;margin-bottom:0;padding-top:var(--wp--preset--spacing--50);padding-right:var(--wp--preset--spacing--50);padding-bottom:var(--wp--preset--spacing--50);padding-left:var(--wp--preset--spacing--50)\">\n<div class=\"wp-block-columns alignwide is-layout-flex wp-container-core-columns-is-layout-1da03c2a wp-block-columns-is-layout-flex\">\n<div class=\"wp-block-column is-vertically-aligned-center is-layout-flow wp-block-column-is-layout-flow\" style=\"flex-basis:60%\">\n<figure class=\"wp-block-gallery has-nested-images columns-default is-cropped wp-block-gallery-5 is-layout-flex wp-block-gallery-is-layout-flex\">\n<figure class=\"wp-block-image size-full is-style-rounded wp-duotone-unset-4 is-style-rounded--3\" style=\"margin-top:var(--wp--preset--spacing--30);margin-right:var(--wp--preset--spacing--50);margin-bottom:var(--wp--preset--spacing--30);margin-left:var(--wp--preset--spacing--50)\"><img loading=\"lazy\" decoding=\"async\" width=\"324\" height=\"427\" data-id=\"14\" src=\"https:\/\/elviajehaciati.com\/wp-content\/uploads\/2025\/08\/photo_2025-07-27_13-47-03-edited.jpg\" alt=\"\" class=\"wp-image-14\" style=\"aspect-ratio:4\/3;object-fit:cover\" srcset=\"https:\/\/elviajehaciati.com\/wp-content\/uploads\/2025\/08\/photo_2025-07-27_13-47-03-edited.jpg 324w, https:\/\/elviajehaciati.com\/wp-content\/uploads\/2025\/08\/photo_2025-07-27_13-47-03-edited-228x300.jpg 228w, https:\/\/elviajehaciati.com\/wp-content\/uploads\/2025\/08\/photo_2025-07-27_13-47-03-edited-9x12.jpg 9w\" sizes=\"auto, (max-width: 324px) 100vw, 324px\" \/><\/figure>\n<\/figure>\n<\/div>\n\n\n\n<div class=\"wp-block-column has-medium-font-size is-layout-flow wp-block-column-is-layout-flow\" style=\"flex-basis:40%\">\n<p style=\"margin-top:var(--wp--preset--spacing--40);margin-right:0;margin-bottom:var(--wp--preset--spacing--40);margin-left:0;font-size:clamp(1.403rem, 1.403rem + ((1vw - 0.2rem) * 1.495), 2.3rem);\"><strong>Lo que encontrar\u00e1s aqu\u00ed<\/strong><\/p>\n\n\n\n<p style=\"margin-top:var(--wp--preset--spacing--40);margin-right:0;margin-bottom:var(--wp--preset--spacing--40);margin-left:0;font-size:clamp(0.984rem, 0.984rem + ((1vw - 0.2rem) * 0.86), 1.5rem);\"><strong>Un viaje compartido<\/strong> \u2013 porque crecer tambi\u00e9n es caminar acompa\u00f1ados.<\/p>\n\n\n\n<p style=\"margin-top:var(--wp--preset--spacing--40);margin-right:0;margin-bottom:var(--wp--preset--spacing--40);margin-left:0;font-size:clamp(0.984rem, 0.984rem + ((1vw - 0.2rem) * 0.86), 1.5rem);\"><strong>Reflexi\u00f3n interior<\/strong> \u2013 palabras que invitan a detenerse y mirar hacia adentro.<\/p>\n\n\n\n<p style=\"margin-top:var(--wp--preset--spacing--40);margin-right:0;margin-bottom:var(--wp--preset--spacing--40);margin-left:0;font-size:clamp(0.984rem, 0.984rem + ((1vw - 0.2rem) * 0.86), 1.5rem);\"><strong>Conexi\u00f3n con la vida<\/strong> \u2013 recordatorios de que todo tiene un sentido m\u00e1s profundo.<\/p>\n\n\n\n<p style=\"margin-top:var(--wp--preset--spacing--40);margin-right:0;margin-bottom:var(--wp--preset--spacing--40);margin-left:0;font-size:clamp(0.984rem, 0.984rem + ((1vw - 0.2rem) * 0.86), 1.5rem);\"><strong>Inspiraci\u00f3n cotidiana<\/strong> \u2013 semillas de conciencia para cultivar paz y claridad.<\/p>\n<\/div>\n<\/div>\n<\/div>\n\n\n\n<div class=\"wp-block-group has-medium-font-size is-vertical is-layout-flex wp-container-core-group-is-layout-2964369c wp-block-group-is-layout-flex\" style=\"margin-top:0;margin-bottom:0;padding-top:var(--wp--preset--spacing--50);padding-right:var(--wp--preset--spacing--50);padding-bottom:var(--wp--preset--spacing--50);padding-left:var(--wp--preset--spacing--50)\">\n<div class=\"wp-block-group has-global-padding is-layout-constrained wp-block-group-is-layout-constrained\">\n<div class=\"wp-block-columns are-vertically-aligned-top is-layout-flex wp-container-core-columns-is-layout-47c06fe3 wp-block-columns-is-layout-flex\">\n<div class=\"wp-block-column is-vertically-aligned-top is-layout-flow wp-block-column-is-layout-flow\" style=\"flex-basis:50%\">\n<div class=\"wp-block-buttons is-layout-flex wp-container-core-buttons-is-layout-1494bffb wp-block-buttons-is-layout-flex\" style=\"margin-top:0;margin-bottom:0;padding-top:var(--wp--preset--spacing--30);padding-right:0;padding-bottom:var(--wp--preset--spacing--30);padding-left:0\">\n<div class=\"wp-block-button is-style-outline is-style-outline--6\"><a class=\"wp-block-button__link wp-element-button\" href=\"https:\/\/elviajehaciati.com\/?cat=6\"><em>Camino interior<\/em><\/a><\/div>\n\n\n\n<div class=\"wp-block-button is-style-outline is-style-outline--7\"><a class=\"wp-block-button__link wp-element-button\" href=\"https:\/\/elviajehaciati.com\/?cat=8\"><em>Historias Personales <\/em><\/a><\/div>\n\n\n\n<div class=\"wp-block-button is-style-outline is-style-outline--8\"><a class=\"wp-block-button__link wp-element-button\" href=\"https:\/\/elviajehaciati.com\/?cat=5\"><em>Reflexiones<\/em> <\/a><\/div>\n\n\n\n<div class=\"wp-block-button is-style-outline is-style-outline--9\"><a class=\"wp-block-button__link wp-element-button\" href=\"https:\/\/elviajehaciati.com\/?cat=7\"><em>Sanaci\u00f3n y Bienestar<\/em><\/a><\/div>\n<\/div>\n<\/div>\n<\/div>\n<\/div>\n\n\n\n<p><strong>Por d\u00f3nde empezar<\/strong><\/p>\n\n\n\n<p><br>Lee desde donde est\u00e1s, no desde donde crees que deber\u00edas estar.<\/p>\n\n\n\n<ul class=\"wp-block-list\">\n<li>Si quieres comprender la mente \u2192<a href=\"http:\/\/elviajehaciati.com\/?cat=6\"> Camino Interior<\/a><\/li>\n\n\n\n<li>Si necesitas reconocerte en lo humano \u2192 <a href=\"http:\/\/elviajehaciati.com\/?cat=8\">Historias Personales<\/a><\/li>\n\n\n\n<li>Si algo en ti ya est\u00e1 madurando \u2192 <a href=\"http:\/\/elviajehaciati.com\/?cat=5\">Reflexiones<\/a><\/li>\n\n\n\n<li>Si tu sistema est\u00e1 cansado \u2192 <a href=\"http:\/\/elviajehaciati.com\/?cat=7\">Sanaci\u00f3n y Bienestar<\/a><\/li>\n<\/ul>\n<\/div>\n\n\n\n<p><\/p>\n","protected":false},"excerpt":{"rendered":"<p>Reflexiones del proyecto Volver a tu Alma por Kerstin Lora de la Cruz Bienvenido a este espacio de reflexi\u00f3n, donde comparto pensamientossobre la mente, la conciencia y el camino interior desde la filosof\u00eda del yoga. Que cada palabra sea una invitaci\u00f3n a mirar hacia dentroy acercarnos a lo esencial. &#8220;No soy lo que se desvanece. [&hellip;]<\/p>\n","protected":false},"author":1,"featured_media":0,"parent":0,"menu_order":0,"comment_status":"closed","ping_status":"closed","template":"","meta":{"footnotes":""},"class_list":["post-9","page","type-page","status-publish","hentry"],"yoast_head":"<!-- This site is optimized with the Yoast SEO plugin v25.7 - https:\/\/yoast.com\/wordpress\/plugins\/seo\/ -->\n<title>Viaje interior y reflexi\u00f3n espiritual | Volver a mi Alma Blog<\/title>\n<meta name=\"description\" content=\"\ud83d\udc49Descubre un espacio de reflexi\u00f3n espiritual y viaje interior. Palabras para despertar tu alma y acompa\u00f1arte en tu camino hacia lo esencial.\" \/>\n<meta name=\"robots\" content=\"index, follow, max-snippet:-1, max-image-preview:large, max-video-preview:-1\" \/>\n<link rel=\"canonical\" href=\"https:\/\/elviajehaciati.com\/\" \/>\n<meta property=\"og:locale\" content=\"en_US\" \/>\n<meta property=\"og:type\" content=\"article\" \/>\n<meta property=\"og:title\" content=\"Viaje interior y reflexi\u00f3n espiritual | Volver a mi Alma Blog\" \/>\n<meta property=\"og:description\" content=\"\ud83d\udc49Descubre un espacio de reflexi\u00f3n espiritual y viaje interior. Palabras para despertar tu alma y acompa\u00f1arte en tu camino hacia lo esencial.\" \/>\n<meta property=\"og:url\" content=\"https:\/\/elviajehaciati.com\/\" \/>\n<meta property=\"og:site_name\" content=\"Volver a tu Alma - Blog\" \/>\n<meta property=\"article:modified_time\" content=\"2026-03-06T20:15:24+00:00\" \/>\n<meta property=\"og:image\" content=\"https:\/\/elviajehaciati.com\/wp-content\/uploads\/2025\/08\/WhatsApp-Bild-2025-08-19-um-23.35.57_c3c30ee7.jpg\" \/>\n\t<meta property=\"og:image:width\" content=\"1280\" \/>\n\t<meta property=\"og:image:height\" content=\"960\" \/>\n\t<meta property=\"og:image:type\" content=\"image\/jpeg\" \/>\n<meta name=\"twitter:card\" content=\"summary_large_image\" \/>\n<meta name=\"twitter:label1\" content=\"Est. reading time\" \/>\n\t<meta name=\"twitter:data1\" content=\"3 minutes\" \/>\n<script type=\"application\/ld+json\" class=\"yoast-schema-graph\">{\"@context\":\"https:\/\/schema.org\",\"@graph\":[{\"@type\":\"WebPage\",\"@id\":\"https:\/\/elviajehaciati.com\/\",\"url\":\"https:\/\/elviajehaciati.com\/\",\"name\":\"Viaje interior y reflexi\u00f3n espiritual | Volver a mi Alma Blog\",\"isPartOf\":{\"@id\":\"https:\/\/elviajehaciati.com\/#website\"},\"primaryImageOfPage\":{\"@id\":\"https:\/\/elviajehaciati.com\/#primaryimage\"},\"image\":{\"@id\":\"https:\/\/elviajehaciati.com\/#primaryimage\"},\"thumbnailUrl\":\"https:\/\/elviajehaciati.com\/wp-content\/uploads\/2025\/08\/WhatsApp-Bild-2025-08-19-um-23.35.57_c3c30ee7.jpg\",\"datePublished\":\"2025-08-22T03:04:32+00:00\",\"dateModified\":\"2026-03-06T20:15:24+00:00\",\"description\":\"\ud83d\udc49Descubre un espacio de reflexi\u00f3n espiritual y viaje interior. Palabras para despertar tu alma y acompa\u00f1arte en tu camino hacia lo esencial.\",\"breadcrumb\":{\"@id\":\"https:\/\/elviajehaciati.com\/#breadcrumb\"},\"inLanguage\":\"en-US\",\"potentialAction\":[{\"@type\":\"ReadAction\",\"target\":[\"https:\/\/elviajehaciati.com\/\"]}]},{\"@type\":\"ImageObject\",\"inLanguage\":\"en-US\",\"@id\":\"https:\/\/elviajehaciati.com\/#primaryimage\",\"url\":\"https:\/\/elviajehaciati.com\/wp-content\/uploads\/2025\/08\/WhatsApp-Bild-2025-08-19-um-23.35.57_c3c30ee7.jpg\",\"contentUrl\":\"https:\/\/elviajehaciati.com\/wp-content\/uploads\/2025\/08\/WhatsApp-Bild-2025-08-19-um-23.35.57_c3c30ee7.jpg\",\"width\":1280,\"height\":960},{\"@type\":\"BreadcrumbList\",\"@id\":\"https:\/\/elviajehaciati.com\/#breadcrumb\",\"itemListElement\":[{\"@type\":\"ListItem\",\"position\":1,\"name\":\"Home\",\"item\":\"https:\/\/elviajehaciati.com\/\"},{\"@type\":\"ListItem\",\"position\":2,\"name\":\"El viaje hacia ti\"}]},{\"@type\":\"WebSite\",\"@id\":\"https:\/\/elviajehaciati.com\/#website\",\"url\":\"https:\/\/elviajehaciati.com\/\",\"name\":\"Volver a tu Alma - Blog\",\"description\":\"\",\"publisher\":{\"@id\":\"https:\/\/elviajehaciati.com\/#organization\"},\"potentialAction\":[{\"@type\":\"SearchAction\",\"target\":{\"@type\":\"EntryPoint\",\"urlTemplate\":\"https:\/\/elviajehaciati.com\/?s={search_term_string}\"},\"query-input\":{\"@type\":\"PropertyValueSpecification\",\"valueRequired\":true,\"valueName\":\"search_term_string\"}}],\"inLanguage\":\"en-US\"},{\"@type\":\"Organization\",\"@id\":\"https:\/\/elviajehaciati.com\/#organization\",\"name\":\"Volver a tu Alma - Blog\",\"url\":\"https:\/\/elviajehaciati.com\/\",\"logo\":{\"@type\":\"ImageObject\",\"inLanguage\":\"en-US\",\"@id\":\"https:\/\/elviajehaciati.com\/#\/schema\/logo\/image\/\",\"url\":\"https:\/\/elviajehaciati.com\/wp-content\/uploads\/2025\/08\/image.png\",\"contentUrl\":\"https:\/\/elviajehaciati.com\/wp-content\/uploads\/2025\/08\/image.png\",\"width\":1040,\"height\":478,\"caption\":\"Volver a tu Alma - Blog\"},\"image\":{\"@id\":\"https:\/\/elviajehaciati.com\/#\/schema\/logo\/image\/\"}}]}<\/script>\n<!-- \/ Yoast SEO plugin. -->","yoast_head_json":{"title":"Viaje interior y reflexi\u00f3n espiritual | Volver a mi Alma Blog","description":"\ud83d\udc49Descubre un espacio de reflexi\u00f3n espiritual y viaje interior. Palabras para despertar tu alma y acompa\u00f1arte en tu camino hacia lo esencial.","robots":{"index":"index","follow":"follow","max-snippet":"max-snippet:-1","max-image-preview":"max-image-preview:large","max-video-preview":"max-video-preview:-1"},"canonical":"https:\/\/elviajehaciati.com\/","og_locale":"en_US","og_type":"article","og_title":"Viaje interior y reflexi\u00f3n espiritual | Volver a mi Alma Blog","og_description":"\ud83d\udc49Descubre un espacio de reflexi\u00f3n espiritual y viaje interior. Palabras para despertar tu alma y acompa\u00f1arte en tu camino hacia lo esencial.","og_url":"https:\/\/elviajehaciati.com\/","og_site_name":"Volver a tu Alma - Blog","article_modified_time":"2026-03-06T20:15:24+00:00","og_image":[{"width":1280,"height":960,"url":"https:\/\/elviajehaciati.com\/wp-content\/uploads\/2025\/08\/WhatsApp-Bild-2025-08-19-um-23.35.57_c3c30ee7.jpg","type":"image\/jpeg"}],"twitter_card":"summary_large_image","twitter_misc":{"Est. reading time":"3 minutes"},"schema":{"@context":"https:\/\/schema.org","@graph":[{"@type":"WebPage","@id":"https:\/\/elviajehaciati.com\/","url":"https:\/\/elviajehaciati.com\/","name":"Viaje interior y reflexi\u00f3n espiritual | Volver a mi Alma Blog","isPartOf":{"@id":"https:\/\/elviajehaciati.com\/#website"},"primaryImageOfPage":{"@id":"https:\/\/elviajehaciati.com\/#primaryimage"},"image":{"@id":"https:\/\/elviajehaciati.com\/#primaryimage"},"thumbnailUrl":"https:\/\/elviajehaciati.com\/wp-content\/uploads\/2025\/08\/WhatsApp-Bild-2025-08-19-um-23.35.57_c3c30ee7.jpg","datePublished":"2025-08-22T03:04:32+00:00","dateModified":"2026-03-06T20:15:24+00:00","description":"\ud83d\udc49Descubre un espacio de reflexi\u00f3n espiritual y viaje interior. Palabras para despertar tu alma y acompa\u00f1arte en tu camino hacia lo esencial.","breadcrumb":{"@id":"https:\/\/elviajehaciati.com\/#breadcrumb"},"inLanguage":"en-US","potentialAction":[{"@type":"ReadAction","target":["https:\/\/elviajehaciati.com\/"]}]},{"@type":"ImageObject","inLanguage":"en-US","@id":"https:\/\/elviajehaciati.com\/#primaryimage","url":"https:\/\/elviajehaciati.com\/wp-content\/uploads\/2025\/08\/WhatsApp-Bild-2025-08-19-um-23.35.57_c3c30ee7.jpg","contentUrl":"https:\/\/elviajehaciati.com\/wp-content\/uploads\/2025\/08\/WhatsApp-Bild-2025-08-19-um-23.35.57_c3c30ee7.jpg","width":1280,"height":960},{"@type":"BreadcrumbList","@id":"https:\/\/elviajehaciati.com\/#breadcrumb","itemListElement":[{"@type":"ListItem","position":1,"name":"Home","item":"https:\/\/elviajehaciati.com\/"},{"@type":"ListItem","position":2,"name":"El viaje hacia ti"}]},{"@type":"WebSite","@id":"https:\/\/elviajehaciati.com\/#website","url":"https:\/\/elviajehaciati.com\/","name":"Volver a tu Alma - Blog","description":"","publisher":{"@id":"https:\/\/elviajehaciati.com\/#organization"},"potentialAction":[{"@type":"SearchAction","target":{"@type":"EntryPoint","urlTemplate":"https:\/\/elviajehaciati.com\/?s={search_term_string}"},"query-input":{"@type":"PropertyValueSpecification","valueRequired":true,"valueName":"search_term_string"}}],"inLanguage":"en-US"},{"@type":"Organization","@id":"https:\/\/elviajehaciati.com\/#organization","name":"Volver a tu Alma - Blog","url":"https:\/\/elviajehaciati.com\/","logo":{"@type":"ImageObject","inLanguage":"en-US","@id":"https:\/\/elviajehaciati.com\/#\/schema\/logo\/image\/","url":"https:\/\/elviajehaciati.com\/wp-content\/uploads\/2025\/08\/image.png","contentUrl":"https:\/\/elviajehaciati.com\/wp-content\/uploads\/2025\/08\/image.png","width":1040,"height":478,"caption":"Volver a tu Alma - Blog"},"image":{"@id":"https:\/\/elviajehaciati.com\/#\/schema\/logo\/image\/"}}]}},"_links":{"self":[{"href":"https:\/\/elviajehaciati.com\/index.php?rest_route=\/wp\/v2\/pages\/9","targetHints":{"allow":["GET"]}}],"collection":[{"href":"https:\/\/elviajehaciati.com\/index.php?rest_route=\/wp\/v2\/pages"}],"about":[{"href":"https:\/\/elviajehaciati.com\/index.php?rest_route=\/wp\/v2\/types\/page"}],"author":[{"embeddable":true,"href":"https:\/\/elviajehaciati.com\/index.php?rest_route=\/wp\/v2\/users\/1"}],"replies":[{"embeddable":true,"href":"https:\/\/elviajehaciati.com\/index.php?rest_route=%2Fwp%2Fv2%2Fcomments&post=9"}],"version-history":[{"count":4,"href":"https:\/\/elviajehaciati.com\/index.php?rest_route=\/wp\/v2\/pages\/9\/revisions"}],"predecessor-version":[{"id":172,"href":"https:\/\/elviajehaciati.com\/index.php?rest_route=\/wp\/v2\/pages\/9\/revisions\/172"}],"wp:attachment":[{"href":"https:\/\/elviajehaciati.com\/index.php?rest_route=%2Fwp%2Fv2%2Fmedia&parent=9"}],"curies":[{"name":"wp","href":"https:\/\/api.w.org\/{rel}","templated":true}]}}